{"id":21,"date":"2018-07-09T21:56:48","date_gmt":"2018-07-09T21:56:48","guid":{"rendered":"https:\/\/www.multipictures.net\/ws\/?page_id=21"},"modified":"2019-11-15T18:48:55","modified_gmt":"2019-11-15T18:48:55","slug":"blog","status":"publish","type":"page","link":"https:\/\/www.multipictures.net\/ws\/blog\/","title":{"rendered":"O Blog"},"content":{"rendered":"<p>Multipictures.net<\/p>\n<p>O que pretendemos com este site blog \u00e9 divulgar as imagens que vamos tirando um pouco por todo o lado. Sejam de espect\u00e1culos, corridas, viagens, natureza, mergulho, ou seja, tudo o que consigamos captar atrav\u00e9s das lentes das nossas maquinas, sejam elas quais forem.<\/p>\n<p>O nosso lema \u00e9 publicar apenas o que consideramos ter a qualidade para ser divulgado. Mais do que a quantidade ser\u00e1 a qualidade a prevalecer.<\/p>\n<p>Gostar\u00edamos tamb\u00e9m que este espa\u00e7o fosse de troca de opini\u00f5es. Todos os artigos publicados tem a possibilidade de serem comentados, sem necessidade de qualquer registo. Apenas nos reservamos o direito de sancionar o que ultrapassar as regras da boa educa\u00e7\u00e3o e civismo.<\/p>\n<p>Por isto tudo, esperamos que desfrutem tanto deste site blog como n\u00f3s.<\/p>\n<p>Anabela Henriques<br \/>\nLuis Morais<\/p>\n","protected":false},"excerpt":{"rendered":"<p>Multipictures.net O que pretendemos com este site blog \u00e9 divulgar as imagens que vamos tirando um pouco por todo o&hellip; <a class=\"read-more\" href=\"https:\/\/www.multipictures.net\/ws\/blog\/\">Continuar a ler<\/a><\/p>\n","protected":false},"author":1,"featured_media":673,"parent":0,"menu_order":0,"comment_status":"open","ping_status":"closed","template":"","meta":{"_acf_changed":false,"ngg_post_thumbnail":0,"two_page_speed":[],"footnotes":""},"class_list":["post-21","page","type-page","status-publish","has-post-thumbnail","hentry"],"acf":[],"jetpack_shortlink":"https:\/\/wp.me\/Pa4LDU-l","jetpack_sharing_enabled":true,"_links":{"self":[{"href":"https:\/\/www.multipictures.net\/ws\/wp-json\/wp\/v2\/pages\/21","targetHints":{"allow":["GET"]}}],"collection":[{"href":"https:\/\/www.multipictures.net\/ws\/wp-json\/wp\/v2\/pages"}],"about":[{"href":"https:\/\/www.multipictures.net\/ws\/wp-json\/wp\/v2\/types\/page"}],"author":[{"embeddable":true,"href":"https:\/\/www.multipictures.net\/ws\/wp-json\/wp\/v2\/users\/1"}],"replies":[{"embeddable":true,"href":"https:\/\/www.multipictures.net\/ws\/wp-json\/wp\/v2\/comments?post=21"}],"version-history":[{"count":4,"href":"https:\/\/www.multipictures.net\/ws\/wp-json\/wp\/v2\/pages\/21\/revisions"}],"predecessor-version":[{"id":7795,"href":"https:\/\/www.multipictures.net\/ws\/wp-json\/wp\/v2\/pages\/21\/revisions\/7795"}],"wp:featuredmedia":[{"embeddable":true,"href":"https:\/\/www.multipictures.net\/ws\/wp-json\/wp\/v2\/media\/673"}],"wp:attachment":[{"href":"https:\/\/www.multipictures.net\/ws\/wp-json\/wp\/v2\/media?parent=21"}],"curies":[{"name":"wp","href":"https:\/\/api.w.org\/{rel}","templated":true}]}}