{"id":2381,"date":"2019-02-24T19:26:10","date_gmt":"2019-02-24T19:26:10","guid":{"rendered":"https:\/\/www.multipictures.net\/ws\/?page_id=2381"},"modified":"2019-10-20T17:29:09","modified_gmt":"2019-10-20T16:29:09","slug":"2381-2","status":"publish","type":"page","link":"https:\/\/www.multipictures.net\/ws\/2381-2\/","title":{"rendered":"Direitos de Autor"},"content":{"rendered":"\n<p>N\u00e3o \u00e9 permitida a reprodu\u00e7\u00e3o das imagens contidas no site multipictures.net, sem a autoriza\u00e7\u00e3o expressa dos representatens legais do mesmo. <\/p>\n\n\n\n<p>\u00c9 totalmente proibida, sem acordo esplicito, a comercializa\u00e7\u00e3o das imagens reproduzidas no site multipictures.net. <\/p>\n\n\n\n<p>Todas as imagens est\u00e3o regulamentadas pelo C\u00f3digo dos Direitos de Autor e Direitos Conexos da Republica Portuguesa. Est\u00e1 tamb\u00e9m abrangida pelos acordos internacionais do mesmo ambito.<\/p>\n\n\n\n<p>Fundamenta\u00e7\u00e3o Legal:<\/p>\n\n\n\n<ul class=\"wp-block-list\"><li>Consideram-se\u00a0obras protegidas pelo CDADC(C\u00f3digo dso direitos de Autor e Direitos Conexos).<\/li><li>\u00a0(art. 1.\u00ba) as cria\u00e7\u00f5es intelectuais do dom\u00ednio liter\u00e1rio, cient\u00edfico e art\u00edstico, por qualquer modo exteriorizadas.<\/li><li>Autor \u00e9\u00a0o criador intelectual da obra, salvo acordo em contr\u00e1rio (art.\u00a027.\u00ba).<\/li><li>O direito de autor pertence ao autor:<ul><li>Ap\u00f3s a exterioriza\u00e7\u00e3o do seu trabalho (sob qualquer forma apreens\u00edvel pelos sentidos) (art. 1.\u00ba);<\/li><li>Salvo disposi\u00e7\u00e3o expressa em contr\u00e1rio (art. 11.\u00ba);<\/li><li>\u00c9 reconhecido independentemente de registo, dep\u00f3sito ou qualquer outra formalidade, ou seja, a obra art\u00edstica existe independente da sua divulga\u00e7\u00e3o, publica\u00e7\u00e3o, utiliza\u00e7\u00e3o ou explora\u00e7\u00e3o (art. 12.\u00ba).<\/li><li> Art. 165.\u00ba, n.\u00ba 1, \u00a0<em>O autor da obra fotogr\u00e1fica tem o direito exclusivo de a reproduzir, difundir e p\u00f4r \u00e0 venda com as restri\u00e7\u00f5es referentes \u00e0 exposi\u00e7\u00e3o, reprodu\u00e7\u00e3o e venda de retratos e sem preju\u00edzo dos direitos de autor sobre a obra reproduzida, no que respeita \u00e0s fotografias de obras de artes pl\u00e1sticas<\/em>. <\/li><li>Art. 165, n\u00ba 3, Aquele que utilizar para fins comerciais a reprodu\u00e7\u00e3o fotogr\u00e1fica deve pagar ao autor uma remunera\u00e7\u00e3o equitativa. <\/li><\/ul><\/li><\/ul>\n","protected":false},"excerpt":{"rendered":"<p>N\u00e3o \u00e9 permitida a reprodu\u00e7\u00e3o das imagens contidas no site multipictures.net, sem a autoriza\u00e7\u00e3o expressa dos representatens legais do mesmo.&hellip; <a class=\"read-more\" href=\"https:\/\/www.multipictures.net\/ws\/2381-2\/\">Continuar a ler<\/a><\/p>\n","protected":false},"author":1,"featured_media":2198,"parent":0,"menu_order":0,"comment_status":"closed","ping_status":"closed","template":"","meta":{"_acf_changed":false,"ngg_post_thumbnail":0,"two_page_speed":[],"footnotes":""},"class_list":["post-2381","page","type-page","status-publish","has-post-thumbnail","hentry"],"acf":[],"jetpack_shortlink":"https:\/\/wp.me\/Pa4LDU-Cp","jetpack_sharing_enabled":true,"_links":{"self":[{"href":"https:\/\/www.multipictures.net\/ws\/wp-json\/wp\/v2\/pages\/2381","targetHints":{"allow":["GET"]}}],"collection":[{"href":"https:\/\/www.multipictures.net\/ws\/wp-json\/wp\/v2\/pages"}],"about":[{"href":"https:\/\/www.multipictures.net\/ws\/wp-json\/wp\/v2\/types\/page"}],"author":[{"embeddable":true,"href":"https:\/\/www.multipictures.net\/ws\/wp-json\/wp\/v2\/users\/1"}],"replies":[{"embeddable":true,"href":"https:\/\/www.multipictures.net\/ws\/wp-json\/wp\/v2\/comments?post=2381"}],"version-history":[{"count":2,"href":"https:\/\/www.multipictures.net\/ws\/wp-json\/wp\/v2\/pages\/2381\/revisions"}],"predecessor-version":[{"id":5205,"href":"https:\/\/www.multipictures.net\/ws\/wp-json\/wp\/v2\/pages\/2381\/revisions\/5205"}],"wp:featuredmedia":[{"embeddable":true,"href":"https:\/\/www.multipictures.net\/ws\/wp-json\/wp\/v2\/media\/2198"}],"wp:attachment":[{"href":"https:\/\/www.multipictures.net\/ws\/wp-json\/wp\/v2\/media?parent=2381"}],"curies":[{"name":"wp","href":"https:\/\/api.w.org\/{rel}","templated":true}]}}